{"id":1677,"date":"2025-10-21T17:03:49","date_gmt":"2025-10-21T17:03:49","guid":{"rendered":"https:\/\/tangancicuaro.gob.mx\/?page_id=1677"},"modified":"2025-10-29T03:44:34","modified_gmt":"2025-10-29T03:44:34","slug":"noche-de-muertos-camecuaro","status":"publish","type":"page","link":"https:\/\/tangancicuaro.gob.mx\/index.php\/noche-de-muertos-camecuaro\/","title":{"rendered":"Noche de muertos-Camecuaro"},"content":{"rendered":"<div class=\"fusion-fullwidth fullwidth-box fusion-builder-row-1 fusion-flex-container has-pattern-background has-mask-background fusion-parallax-none nonhundred-percent-fullwidth non-hundred-percent-height-scrolling\" style=\"--awb-border-radius-top-left:0px;--awb-border-radius-top-right:0px;--awb-border-radius-bottom-right:0px;--awb-border-radius-bottom-left:0px;--awb-background-color:rgba(255,255,255,0.75);--awb-background-image:linear-gradient(180deg, rgba(255,255,255,0.86) 0%,rgba(255,255,255,0.86) 100%),url(https:\/\/tangancicuaro.gob.mx\/wp-content\/uploads\/2025\/02\/camecuaro.jpeg);;--awb-background-size:cover;--awb-flex-wrap:wrap;\" ><div class=\"awb-background-mask\" style=\"background-image:  url(data:image\/svg+xml;utf8,%3Csvg%20width%3D%221920%22%20height%3D%22954%22%20fill%3D%22none%22%20xmlns%3D%22http%3A%2F%2Fwww.w3.org%2F2000%2Fsvg%22%3E%3Cg%20clip-path%3D%22url%28%23prefix__clip0_58_35%29%22%3E%3Cpath%20fill-rule%3D%22evenodd%22%20clip-rule%3D%22evenodd%22%20d%3D%22M1773.6-19.976l-600.95%20600.789c-117.27%20117.239-307.318%20117.317-424.491.174-117.172-117.142-117.094-307.145.175-424.383l600.946-600.79%20424.32%20424.21zM1212.47%201397.93l600.95-600.785c117.26-117.238%20117.34-307.241.17-424.384-117.17-117.142-307.22-117.064-424.49.174l-.16.153-600.787%20600.637%20424.317%20424.205z%22%20fill%3D%22rgba%2825%2C143%2C217%2C1%29%22%2F%3E%3C%2Fg%3E%3Cdefs%3E%3CclipPath%20id%3D%22prefix__clip0_58_35%22%3E%3Cpath%20fill%3D%22%23fff%22%20d%3D%22M0%200h1920v954H0z%22%2F%3E%3C%2FclipPath%3E%3C%2Fdefs%3E%3C%2Fsvg%3E);opacity: 1 ;transform: scale(1, 1);mix-blend-mode:normal;\"><\/div><div class=\"fusion-builder-row fusion-row fusion-flex-align-items-flex-start fusion-flex-content-wrap\" style=\"max-width:1248px;margin-left: calc(-4% \/ 2 );margin-right: calc(-4% \/ 2 );\"><div class=\"fusion-layout-column fusion_builder_column fusion-builder-column-0 fusion_builder_column_1_1 1_1 fusion-flex-column fusion-animated\" style=\"--awb-bg-size:cover;--awb-width-large:100%;--awb-margin-top-large:0px;--awb-spacing-right-large:1.92%;--awb-margin-bottom-large:20px;--awb-spacing-left-large:1.92%;--awb-width-medium:100%;--awb-order-medium:0;--awb-spacing-right-medium:1.92%;--awb-spacing-left-medium:1.92%;--awb-width-small:100%;--awb-order-small:0;--awb-spacing-right-small:1.92%;--awb-spacing-left-small:1.92%;\" data-animationType=\"fadeInDown\" data-animationDuration=\"1.4\" data-animationDelay=\"0.5\" data-animationOffset=\"top-into-view\" data-scroll-devices=\"small-visibility,medium-visibility,large-visibility\"><div class=\"fusion-column-wrapper fusion-column-has-shadow fusion-flex-justify-content-flex-start fusion-content-layout-column\"><div class=\"fusion-video fusion-selfhosted-video\" style=\"max-width:100%;\"><div class=\"video-wrapper\"><video playsinline=\"true\" width=\"100%\" style=\"object-fit: cover;\" autoplay=\"true\" muted=\"true\" loop=\"true\" preload=\"auto\"><source src=\"https:\/\/tangancicuaro.gob.mx\/wp-content\/uploads\/2025\/10\/WhatsApp-Video-2025-10-21-at-09.34.10.mp4\" type=\"video\/mp4\">Sorry, your browser doesn&#039;t support embedded videos.<\/video><\/div><\/div><\/div><\/div><div class=\"fusion-layout-column fusion_builder_column fusion-builder-column-1 fusion_builder_column_1_1 1_1 fusion-flex-column\" style=\"--awb-bg-size:cover;--awb-width-large:100%;--awb-margin-top-large:0px;--awb-spacing-right-large:1.92%;--awb-margin-bottom-large:20px;--awb-spacing-left-large:1.92%;--awb-width-medium:100%;--awb-order-medium:0;--awb-spacing-right-medium:1.92%;--awb-spacing-left-medium:1.92%;--awb-width-small:100%;--awb-order-small:0;--awb-spacing-right-small:1.92%;--awb-spacing-left-small:1.92%;\"><div class=\"fusion-column-wrapper fusion-column-has-shadow fusion-flex-justify-content-flex-start fusion-content-layout-column\"><div class=\"fusion-separator fusion-full-width-sep\" style=\"align-self: center;margin-left: auto;margin-right: auto;margin-top:50px;width:100%;\"><\/div><div class=\"fusion-text fusion-text-1 fusion-animated\" style=\"--awb-content-alignment:justify;\" data-animationType=\"fadeInLeft\" data-animationDuration=\"1.5\" data-animationDelay=\"0.5\" data-animationOffset=\"top-into-view\"><h4><span style=\"color: #ffffff;\"><strong><span class=\"ng-star-inserted\">Descubre el para\u00edso escondido de Michoac\u00e1n, donde el tiempo se detiene y la naturaleza te abraza. Cam\u00e9cuaro, &#8220;Una Leyenda Viva&#8221;, te invita a sumergirte en sus aguas cristalinas, a pasear bajo la sombra de sus ahuehuetes milenarios y a sentir la magia de un lugar que ha inspirado historias y sue\u00f1os por generaciones. Y en la enigm\u00e1tica\u00a0<\/span><span class=\"ng-star-inserted\">Noche de Muertos<\/span><span class=\"ng-star-inserted\">, Cam\u00e9cuaro se transforma en un escenario m\u00edstico, donde las tradiciones ancestrales cobran vida, las velas iluminan el lago y las almas regresan para celebrar con nosotros. Ven y vive tu propia leyenda en este ed\u00e9n terrenal. \u00a1Cam\u00e9cuaro te espera para crear recuerdos inolvidables, especialmente en una noche tan m\u00e1gica!<\/span><\/strong><\/span><\/h4>\n<\/div><\/div><\/div><div class=\"fusion-layout-column fusion_builder_column fusion-builder-column-2 fusion_builder_column_1_1 1_1 fusion-flex-column fusion-animated\" style=\"--awb-bg-size:cover;--awb-width-large:100%;--awb-margin-top-large:0px;--awb-spacing-right-large:1.92%;--awb-margin-bottom-large:20px;--awb-spacing-left-large:1.92%;--awb-width-medium:100%;--awb-order-medium:0;--awb-spacing-right-medium:1.92%;--awb-spacing-left-medium:1.92%;--awb-width-small:100%;--awb-order-small:0;--awb-spacing-right-small:1.92%;--awb-spacing-left-small:1.92%;\" data-animationType=\"fadeInUp\" data-animationDuration=\"1.5\" data-animationDelay=\"0.5\" data-animationOffset=\"top-into-view\" data-scroll-devices=\"small-visibility,medium-visibility,large-visibility\"><div class=\"fusion-column-wrapper fusion-column-has-shadow fusion-flex-justify-content-flex-start fusion-content-layout-column\"><div class=\"fusion-separator fusion-full-width-sep\" style=\"align-self: center;margin-left: auto;margin-right: auto;margin-top:50px;width:100%;\"><\/div><div class=\"fusion-video fusion-youtube\" style=\"--awb-max-width:900px;--awb-max-height:506px;--awb-align-self:center;--awb-width:100%;\" data-autoplay=\"1\"><div class=\"video-shortcode\"><div class=\"fluid-width-video-wrapper\" style=\"padding-top:56.22%;\" ><iframe title=\"YouTube video player 1\" src=\"https:\/\/www.youtube.com\/embed\/vDUTPHTbGnA?wmode=transparent&autoplay=0\" width=\"900\" height=\"506\" allowfullscreen allow=\"autoplay; clipboard-write; encrypted-media; gyroscope; picture-in-picture;\"><\/iframe><\/div><\/div><\/div><div class=\"fusion-separator fusion-full-width-sep\" style=\"align-self: center;margin-left: auto;margin-right: auto;margin-top:100px;width:100%;\"><\/div><div class=\"fusion-image-element \" style=\"text-align:center;--awb-caption-title-font-family:var(--h2_typography-font-family);--awb-caption-title-font-weight:var(--h2_typography-font-weight);--awb-caption-title-font-style:var(--h2_typography-font-style);--awb-caption-title-size:var(--h2_typography-font-size);--awb-caption-title-transform:var(--h2_typography-text-transform);--awb-caption-title-line-height:var(--h2_typography-line-height);--awb-caption-title-letter-spacing:var(--h2_typography-letter-spacing);\"><span class=\" fusion-imageframe imageframe-none imageframe-1 hover-type-none\"><img decoding=\"async\" src=\"https:\/\/tangancicuaro.gob.mx\/wp-content\/uploads\/2025\/09\/WhatsApp-Image-2025-10-28-at-09.54.33.jpeg\" alt class=\"img-responsive\"\/><\/span><\/div><\/div><\/div><div class=\"fusion-layout-column fusion_builder_column fusion-builder-column-3 fusion_builder_column_1_1 1_1 fusion-flex-column fusion-animated\" style=\"--awb-bg-size:cover;--awb-width-large:100%;--awb-margin-top-large:0px;--awb-spacing-right-large:1.92%;--awb-margin-bottom-large:20px;--awb-spacing-left-large:1.92%;--awb-width-medium:100%;--awb-order-medium:0;--awb-spacing-right-medium:1.92%;--awb-spacing-left-medium:1.92%;--awb-width-small:100%;--awb-order-small:0;--awb-spacing-right-small:1.92%;--awb-spacing-left-small:1.92%;\" data-animationType=\"fadeInRight\" data-animationDuration=\"1.4\" data-animationDelay=\"0.5\" data-animationOffset=\"top-into-view\" data-scroll-devices=\"small-visibility,medium-visibility,large-visibility\"><div class=\"fusion-column-wrapper fusion-column-has-shadow fusion-flex-justify-content-flex-start fusion-content-layout-column\"><center><iframe src=\"https:\/\/www.google.com\/maps\/embed?pb=!1m18!1m12!1m3!1d480510.5510903621!2d-102.02808651325931!3d19.79807728750289!2m3!1f0!2f0!3f0!3m2!1i1024!2i768!4f13.1!3m3!1m2!1s0x842e7d7f1513b813%3A0x33b157ed20a63486!2sLago%20de%20Cam%C3%A9cuaro!5e0!3m2!1ses-419!2smx!4v1761066171455!5m2!1ses-419!2smx\" width=\"90%\" height=\"450\" style=\"border:0;\" allowfullscreen=\"\" loading=\"lazy\" referrerpolicy=\"no-referrer-when-downgrade\"><\/iframe><\/center<\/div><\/div><\/div><\/div>\n","protected":false},"excerpt":{"rendered":"","protected":false},"author":1,"featured_media":0,"parent":0,"menu_order":0,"comment_status":"closed","ping_status":"closed","template":"100-width.php","meta":{"footnotes":""},"class_list":["post-1677","page","type-page","status-publish","hentry"],"_links":{"self":[{"href":"https:\/\/tangancicuaro.gob.mx\/index.php\/wp-json\/wp\/v2\/pages\/1677","targetHints":{"allow":["GET"]}}],"collection":[{"href":"https:\/\/tangancicuaro.gob.mx\/index.php\/wp-json\/wp\/v2\/pages"}],"about":[{"href":"https:\/\/tangancicuaro.gob.mx\/index.php\/wp-json\/wp\/v2\/types\/page"}],"author":[{"embeddable":true,"href":"https:\/\/tangancicuaro.gob.mx\/index.php\/wp-json\/wp\/v2\/users\/1"}],"replies":[{"embeddable":true,"href":"https:\/\/tangancicuaro.gob.mx\/index.php\/wp-json\/wp\/v2\/comments?post=1677"}],"version-history":[{"count":15,"href":"https:\/\/tangancicuaro.gob.mx\/index.php\/wp-json\/wp\/v2\/pages\/1677\/revisions"}],"predecessor-version":[{"id":1712,"href":"https:\/\/tangancicuaro.gob.mx\/index.php\/wp-json\/wp\/v2\/pages\/1677\/revisions\/1712"}],"wp:attachment":[{"href":"https:\/\/tangancicuaro.gob.mx\/index.php\/wp-json\/wp\/v2\/media?parent=1677"}],"curies":[{"name":"wp","href":"https:\/\/api.w.org\/{rel}","templated":true}]}}