{"id":1462,"date":"2025-02-24T17:50:27","date_gmt":"2025-02-24T17:50:27","guid":{"rendered":"https:\/\/tangancicuaro.gob.mx\/?page_id=1462"},"modified":"2025-02-24T17:55:10","modified_gmt":"2025-02-24T17:55:10","slug":"aviso-de-privacidad","status":"publish","type":"page","link":"https:\/\/tangancicuaro.gob.mx\/index.php\/aviso-de-privacidad\/","title":{"rendered":"Aviso de Privacidad"},"content":{"rendered":"<div class=\"fusion-fullwidth fullwidth-box fusion-builder-row-1 fusion-flex-container nonhundred-percent-fullwidth non-hundred-percent-height-scrolling\" style=\"--awb-border-radius-top-left:0px;--awb-border-radius-top-right:0px;--awb-border-radius-bottom-right:0px;--awb-border-radius-bottom-left:0px;--awb-flex-wrap:wrap;\" ><div class=\"fusion-builder-row fusion-row fusion-flex-align-items-flex-start fusion-flex-content-wrap\" style=\"max-width:1248px;margin-left: calc(-4% \/ 2 );margin-right: calc(-4% \/ 2 );\"><div class=\"fusion-layout-column fusion_builder_column fusion-builder-column-0 fusion_builder_column_1_1 1_1 fusion-flex-column\" style=\"--awb-bg-size:cover;--awb-width-large:100%;--awb-margin-top-large:0px;--awb-spacing-right-large:1.92%;--awb-margin-bottom-large:0px;--awb-spacing-left-large:1.92%;--awb-width-medium:100%;--awb-spacing-right-medium:1.92%;--awb-spacing-left-medium:1.92%;--awb-width-small:100%;--awb-spacing-right-small:1.92%;--awb-spacing-left-small:1.92%;\"><div class=\"fusion-column-wrapper fusion-flex-justify-content-flex-start fusion-content-layout-column\"><div class=\"fusion-text fusion-text-1\"><p><strong>Aviso de Privacidad del Ayuntamiento de Tanganc\u00edcuaro<\/strong><\/p>\n<p>El Ayuntamiento de Tanganc\u00edcuaro, a trav\u00e9s del \u00c1rea de Transparencia, con domicilio en Av Dr Miguel Silva Nte, Sta Anita, 59750 Tanganc\u00edcuaro de Arista, Mich., es responsable del tratamiento de los datos personales que se recaban a trav\u00e9s de su portal oficial y otros medios relacionados con sus funciones. Este aviso se emite en cumplimiento de la \u00a0Ley de Protecci\u00f3n de Datos Personales en Posesi\u00f3n de Sujetos Obligados del Estado de Michoac\u00e1n \u00a0y las disposiciones del Instituto Michoacano de Transparencia, Acceso a la Informaci\u00f3n y Protecci\u00f3n de Datos Personales (IMAIP).<\/p>\n<p><strong>Finalidad del Tratamiento de Datos Personales<\/strong><\/p>\n<p>Los datos personales recabados tienen como finalidad:<br \/>\n1. Atender solicitudes de informaci\u00f3n, quejas, sugerencias o tr\u00e1mites realizados por los ciudadanos.<br \/>\n2. Cumplir con las obligaciones legales y reglamentarias del Ayuntamiento.<br \/>\n3. Mejorar los servicios p\u00fablicos y la comunicaci\u00f3n con los ciudadanos.<br \/>\n4. Realizar estad\u00edsticas y an\u00e1lisis para la toma de decisiones en materia de pol\u00edticas p\u00fablicas.<\/p>\n<p>Datos Personales Recabados<\/p>\n<p>Podemos recabar los siguientes datos personales:<br \/>\n&#8211; Nombre completo.<br \/>\n&#8211; Direcci\u00f3n.<br \/>\n&#8211; N\u00famero telef\u00f3nico.<br \/>\n&#8211; Correo electr\u00f3nico.<br \/>\n&#8211; Informaci\u00f3n relacionada con tr\u00e1mites o servicios solicitados.<\/p>\n<p><strong>Fundamento Legal<\/strong><br \/>\nEl tratamiento de sus datos personales se realiza en cumplimiento de:<br \/>\n&#8211; La Constituci\u00f3n Pol\u00edtica de los Estados Unidos Mexicanos.<br \/>\n&#8211; La Ley de Protecci\u00f3n de Datos Personales en Posesi\u00f3n de Sujetos Obligados del Estado de Michoac\u00e1n.<br \/>\n&#8211; La Ley de Transparencia y Acceso a la Informaci\u00f3n P\u00fablica del Estado de Michoac\u00e1n.<br \/>\n&#8211; Otras disposiciones aplicables.<\/p>\n<p>Transferencia de Datos Personales<br \/>\nSus datos personales no ser\u00e1n transferidos a terceros, salvo en los casos previstos por la ley o cuando sea necesario para cumplir con las obligaciones del Ayuntamiento.<\/p>\n<p><strong>Derechos ARCO\u00a0<\/strong><br \/>\nUsted tiene derecho a:<br \/>\n&#8211; Acceder a sus datos personales.<br \/>\n&#8211; Rectificarlos** en caso de ser inexactos o incompletos.<br \/>\n&#8211; Cancelarlos** cuando considere que no son necesarios para las finalidades descritas.<br \/>\n&#8211; Oponerse** al tratamiento de los mismos para fines espec\u00edficos.<\/p>\n<p>Para ejercer estos derechos, deber\u00e1 presentar una solicitud por escrito ante el \u00c1rea de Transparencia del Ayuntamiento, en el domicilio se\u00f1alado, o a trav\u00e9s del correo electr\u00f3nico <strong>transparencia@tangancicuaro.gob.mx <\/strong>\u00a0La solicitud deber\u00e1 contener los requisitos establecidos en la ley aplicable.<\/p>\n<p>Medidas de Seguridad<br \/>\nEl Ayuntamiento de Tanganc\u00edcuaro implementa medidas de seguridad administrativas, t\u00e9cnicas y f\u00edsicas para proteger sus datos personales contra da\u00f1o, p\u00e9rdida, alteraci\u00f3n, destrucci\u00f3n o el uso, acceso o tratamiento no autorizado.<\/p>\n<p><strong>Cambios al Aviso de Privacidad\u00a0<\/strong><br \/>\nEl Ayuntamiento se reserva el derecho de modificar este aviso de privacidad. Cualquier cambio ser\u00e1 publicado en el portal oficial del Ayuntamiento y, en caso de ser significativo, se le notificar\u00e1 a trav\u00e9s de los medios de contacto que nos haya proporcionado.<\/p>\n<p>Este aviso de privacidad est\u00e1 disponible en el portal oficial del Ayuntamiento de Tanganc\u00edcuaro:<\/p>\n<div class=\"video-shortcode\">\n<blockquote class=\"wp-embedded-content\" data-secret=\"r1fCbhgGiP\">\n<p><a href=\"https:\/\/tangancicuaro.gob.mx\/\">Ayuntamiento de Tangancicuaro<\/a><\/p>\n<\/blockquote>\n<p><iframe class=\"wp-embedded-content\" sandbox=\"allow-scripts\" security=\"restricted\" style=\"position: absolute; visibility: hidden;\" title=\"&#8220;Ayuntamiento de Tangancicuaro&#8221; &#8212; Avada Information Technology\" src=\"https:\/\/tangancicuaro.gob.mx\/embed\/#?secret=ZoxBfjcEZ1#?secret=r1fCbhgGiP\" data-secret=\"r1fCbhgGiP\" width=\"600\" height=\"338\" frameborder=\"0\" marginwidth=\"0\" marginheight=\"0\" scrolling=\"no\"><\/iframe><\/div>\n<p>El Ayuntamiento de Tanganc\u00edcuaro est\u00e1 comprometido con la protecci\u00f3n de sus datos personales y el cumplimiento de la normativa aplicable.<\/p>\n<\/div><div class=\"fusion-separator fusion-full-width-sep\" style=\"align-self: center;margin-left: auto;margin-right: auto;margin-top:15px;width:100%;\"><\/div><div class=\"fusion-image-element \" style=\"text-align:center;--awb-caption-title-font-family:var(--h2_typography-font-family);--awb-caption-title-font-weight:var(--h2_typography-font-weight);--awb-caption-title-font-style:var(--h2_typography-font-style);--awb-caption-title-size:var(--h2_typography-font-size);--awb-caption-title-transform:var(--h2_typography-text-transform);--awb-caption-title-line-height:var(--h2_typography-line-height);--awb-caption-title-letter-spacing:var(--h2_typography-letter-spacing);\"><span class=\" fusion-imageframe imageframe-none imageframe-1 hover-type-none\"><img decoding=\"async\" width=\"600\" height=\"400\" title=\"logo tanga.\" src=\"https:\/\/tangancicuaro.gob.mx\/wp-content\/uploads\/2025\/02\/logo-tanga.png\" alt class=\"img-responsive wp-image-1247\" srcset=\"https:\/\/tangancicuaro.gob.mx\/wp-content\/uploads\/2025\/02\/logo-tanga-200x133.png 200w, https:\/\/tangancicuaro.gob.mx\/wp-content\/uploads\/2025\/02\/logo-tanga-400x267.png 400w, https:\/\/tangancicuaro.gob.mx\/wp-content\/uploads\/2025\/02\/logo-tanga.png 600w\" sizes=\"(max-width: 640px) 100vw, 600px\" \/><\/span><\/div><\/div><\/div><\/div><\/div>\n","protected":false},"excerpt":{"rendered":"","protected":false},"author":1,"featured_media":0,"parent":0,"menu_order":0,"comment_status":"closed","ping_status":"closed","template":"","meta":{"footnotes":""},"class_list":["post-1462","page","type-page","status-publish","hentry"],"_links":{"self":[{"href":"https:\/\/tangancicuaro.gob.mx\/index.php\/wp-json\/wp\/v2\/pages\/1462","targetHints":{"allow":["GET"]}}],"collection":[{"href":"https:\/\/tangancicuaro.gob.mx\/index.php\/wp-json\/wp\/v2\/pages"}],"about":[{"href":"https:\/\/tangancicuaro.gob.mx\/index.php\/wp-json\/wp\/v2\/types\/page"}],"author":[{"embeddable":true,"href":"https:\/\/tangancicuaro.gob.mx\/index.php\/wp-json\/wp\/v2\/users\/1"}],"replies":[{"embeddable":true,"href":"https:\/\/tangancicuaro.gob.mx\/index.php\/wp-json\/wp\/v2\/comments?post=1462"}],"version-history":[{"count":1,"href":"https:\/\/tangancicuaro.gob.mx\/index.php\/wp-json\/wp\/v2\/pages\/1462\/revisions"}],"predecessor-version":[{"id":1463,"href":"https:\/\/tangancicuaro.gob.mx\/index.php\/wp-json\/wp\/v2\/pages\/1462\/revisions\/1463"}],"wp:attachment":[{"href":"https:\/\/tangancicuaro.gob.mx\/index.php\/wp-json\/wp\/v2\/media?parent=1462"}],"curies":[{"name":"wp","href":"https:\/\/api.w.org\/{rel}","templated":true}]}}