{"id":1415,"date":"2025-02-21T17:45:55","date_gmt":"2025-02-21T17:45:55","guid":{"rendered":"https:\/\/tangancicuaro.gob.mx\/?page_id=1415"},"modified":"2025-02-21T19:37:35","modified_gmt":"2025-02-21T19:37:35","slug":"centro-historico","status":"publish","type":"page","link":"https:\/\/tangancicuaro.gob.mx\/index.php\/centro-historico\/","title":{"rendered":"Centro Historico"},"content":{"rendered":"<p><div class=\"fusion-fullwidth fullwidth-box fusion-builder-row-1 fusion-flex-container has-pattern-background has-mask-background fusion-parallax-none nonhundred-percent-fullwidth non-hundred-percent-height-scrolling\" style=\"--awb-border-radius-top-left:0px;--awb-border-radius-top-right:0px;--awb-border-radius-bottom-right:0px;--awb-border-radius-bottom-left:0px;--awb-padding-bottom:80px;--awb-background-image:linear-gradient(180deg, rgba(255,255,255,0.81) 0%,rgba(255,255,255,0.81) 100%),url(https:\/\/tangancicuaro.gob.mx\/wp-content\/uploads\/2025\/02\/Plaza-de-Tangancicuaro2.webp);;--awb-background-size:cover;--awb-flex-wrap:wrap;\" ><div class=\"awb-background-mask\" style=\"background-image:  url(data:image\/svg+xml;utf8,%3Csvg%20width%3D%221920%22%20height%3D%22954%22%20fill%3D%22none%22%20xmlns%3D%22http%3A%2F%2Fwww.w3.org%2F2000%2Fsvg%22%3E%3Cpath%20fill-rule%3D%22evenodd%22%20clip-rule%3D%22evenodd%22%20d%3D%22M1920%20615.353V340.175l-137.59%20137.589L1920%20615.353zM1919.24%20954l-167.18-167.177-139.35-139.353L1443%20477.764l169.71-169.706%20139.35-139.352L1920%20.764V0h-137.19L1345%20437.812%20907.188%200H0v954h907l84.447-84.447%20268.703-268.7L1345%20516l84.85%2084.853%20268.7%20268.7L1783%20954h136.24zM1345%20685.706L1613.29%20954H1526l-138.57-138.574L1345%20773l-42.43%2042.426L1164%20954h-87.29L1345%20685.706zM1248.85%20954l96.15-96.147L1441.15%20954h-192.3z%22%20fill%3D%22rgba%28255%2C255%2C255%2C1%29%22%2F%3E%3C%2Fsvg%3E);opacity: 1 ;transform: scale(1, 1);mix-blend-mode:normal;\"><\/div><div class=\"fusion-builder-row fusion-row fusion-flex-align-items-flex-start fusion-flex-content-wrap\" style=\"max-width:1248px;margin-left: calc(-4% \/ 2 );margin-right: calc(-4% \/ 2 );\"><div class=\"fusion-layout-column fusion_builder_column fusion-builder-column-0 fusion_builder_column_1_2 1_2 fusion-flex-column fusion-no-small-visibility\" style=\"--awb-bg-blend:overlay;--awb-bg-size:cover;--awb-width-large:50%;--awb-margin-top-large:0px;--awb-spacing-right-large:3.84%;--awb-margin-bottom-large:20px;--awb-spacing-left-large:3.84%;--awb-width-medium:50%;--awb-spacing-right-medium:3.84%;--awb-spacing-left-medium:3.84%;--awb-width-small:100%;--awb-spacing-right-small:1.92%;--awb-spacing-left-small:1.92%;\"><div class=\"fusion-column-wrapper fusion-flex-justify-content-flex-start fusion-content-layout-column\"><div class=\"fusion-title title fusion-title-1 fusion-sep-none fusion-title-center fusion-title-text fusion-title-size-two\" style=\"--awb-margin-top-small:10px;--awb-margin-right-small:0px;--awb-margin-bottom-small:10px;--awb-margin-left-small:0px;\"><h2 class=\"fusion-title-heading title-heading-center\" style=\"margin:0;\"><h1>Centro Hist\u00f3rico<\/h1><\/h2><\/div><div class=\"fusion-text fusion-text-1\" style=\"--awb-content-alignment:justify;\"><p><strong>En el centro hist\u00f3rico de Tanganc\u00edcuaro, se encuentra una de las plazas m\u00e1s bellas del Estado, por su perfecto orden arquitect\u00f3nico y la distribuci\u00f3n espaciosa de sus jardines que conserva la esencia de un pueblo pero no pierde de vista el progreso y el pasar de los a\u00f1os en los avances de material de construcci\u00f3n. En ella se muestra el busto del general L\u00e1zaro C\u00e1rdenas del R\u00edo. La plaza cuenta con un kiosko enviado por el Presidente Porfirio D\u00edas en 1908, que tiene molduras tra\u00eddas desde Europa, muy al estilo franc\u00e9s.<\/strong><\/p>\n<p><strong>En tanto a lo religioso, se encuentra la Parroquia de Nuestra Se\u00f1ora de la Asunci\u00f3n, que es \u00fanica por su interior decorado por cantera, su estilo fr\u00edo y sobrio, as\u00ed como sus im\u00e1genes que datan del siglo XIV, y su c\u00fapula, misma que es \u00fanica en todo<\/strong><br \/>\n<strong>el Estado por su forma y su fortaleza, que sostiene un candil de m\u00e1s de media tonelada de peso. Es preciso mencionar que la parroquia fue una de las afectadas por el terremoto del 19 de septiembre de 1985, derribando completamente una de sus torres, as\u00ed como la mitad de la otra, cayendo la primera en su totalidad dentro de la parroquia.<\/strong><\/p>\n<p><strong>Cuentan los antiguos pobladores que la parroquia estaba destinada para San Francisco, pero por cuestiones de log\u00edstica, y de que el burro ya no quizo avanzar a Patamban, terminamos teniendo a la Virgen de la Asunci\u00f3n, y la comunidad de Patamban termino con San Francisco de As\u00eds.<\/strong><\/p>\n<\/div><\/div><\/div><div class=\"fusion-layout-column fusion_builder_column fusion-builder-column-1 fusion_builder_column_1_2 1_2 fusion-flex-column fusion-no-small-visibility\" style=\"--awb-bg-blend:overlay;--awb-bg-size:cover;--awb-width-large:50%;--awb-margin-top-large:0px;--awb-spacing-right-large:3.84%;--awb-margin-bottom-large:20px;--awb-spacing-left-large:3.84%;--awb-width-medium:50%;--awb-spacing-right-medium:3.84%;--awb-spacing-left-medium:3.84%;--awb-width-small:100%;--awb-spacing-right-small:1.92%;--awb-spacing-left-small:1.92%;\"><div class=\"fusion-column-wrapper fusion-flex-justify-content-flex-start fusion-content-layout-column\"><div class=\"fusion-title title fusion-title-2 fusion-sep-none fusion-title-center fusion-title-text fusion-title-size-two\" style=\"--awb-margin-top-small:10px;--awb-margin-right-small:0px;--awb-margin-bottom-small:10px;--awb-margin-left-small:0px;\"><h2 class=\"fusion-title-heading title-heading-center\" style=\"margin:0;\"><h1>Como Llegar<\/h1><\/h2><\/div><iframe src=\"https:\/\/www.google.com\/maps\/embed?pb=!1m18!1m12!1m3!1d3751.8693416952638!2d-102.21052572387917!3d19.88773833149117!2m3!1f0!2f0!3f0!3m2!1i1024!2i768!4f13.1!3m3!1m2!1s0x842e7d9e30ccb271%3A0x21da480a6e8df5fd!2sCentro%2C%2059750%20Tanganc%C3%ADcuaro%20de%20Arista%2C%20Mich.!5e0!3m2!1ses-419!2smx!4v1740166632183!5m2!1ses-419!2smx\" width=\"95%\" height=\"750\" style=\"border:0;\" allowfullscreen=\"\" loading=\"lazy\" referrerpolicy=\"no-referrer-when-downgrade\"><\/iframe><\/div><\/div><\/div><\/div><div class=\"fusion-fullwidth fullwidth-box fusion-builder-row-2 fusion-flex-container fusion-parallax-none nonhundred-percent-fullwidth non-hundred-percent-height-scrolling\" style=\"--awb-background-position:center top;--awb-border-sizes-top:0px;--awb-border-sizes-bottom:0px;--awb-border-sizes-left:0px;--awb-border-sizes-right:0px;--awb-border-radius-top-left:0px;--awb-border-radius-top-right:0px;--awb-border-radius-bottom-right:0px;--awb-border-radius-bottom-left:0px;--awb-padding-top:90px;--awb-padding-bottom:90px;--awb-background-color:var(--awb-color5);--awb-background-image:url(&quot;https:\/\/tangancicuaro.gob.mx\/wp-content\/uploads\/2016\/11\/avada-it-call-to-action-bg.png&quot;);--awb-background-size:cover;--awb-flex-wrap:wrap;\" ><div class=\"fusion-builder-row fusion-row fusion-flex-align-items-stretch fusion-flex-content-wrap\" style=\"max-width:1248px;margin-left: calc(-4% \/ 2 );margin-right: calc(-4% \/ 2 );\"><div class=\"fusion-layout-column fusion_builder_column fusion-builder-column-2 fusion_builder_column_1_1 1_1 fusion-flex-column\" style=\"--awb-bg-size:cover;--awb-width-large:100%;--awb-margin-top-large:0px;--awb-spacing-right-large:1.92%;--awb-margin-bottom-large:20px;--awb-spacing-left-large:1.92%;--awb-width-medium:100%;--awb-order-medium:0;--awb-spacing-right-medium:1.92%;--awb-spacing-left-medium:1.92%;--awb-width-small:100%;--awb-order-small:0;--awb-spacing-right-small:1.92%;--awb-spacing-left-small:1.92%;\"><div class=\"fusion-column-wrapper fusion-column-has-shadow fusion-flex-justify-content-flex-start fusion-content-layout-column\"><div class=\"awb-gallery-wrapper awb-gallery-wrapper-1 button-span-no\" style=\"--more-btn-alignment:center;\"><div style=\"margin:-5px;--awb-bordersize:0px;\" class=\"fusion-gallery fusion-gallery-container fusion-grid-2 fusion-columns-total-2 fusion-gallery-layout-grid fusion-gallery-1\"><div style=\"padding:5px;\" class=\"fusion-grid-column fusion-gallery-column fusion-gallery-column-2 hover-type-none\"><div class=\"fusion-gallery-image\"><a href=\"https:\/\/tangancicuaro.gob.mx\/wp-content\/uploads\/2025\/02\/Plaza-de-Tangancicuaro2.webp\" rel=\"noreferrer\" data-rel=\"iLightbox[gallery_image_1]\" class=\"fusion-lightbox\" target=\"_self\"><img decoding=\"async\" src=\"https:\/\/tangancicuaro.gob.mx\/wp-content\/uploads\/2025\/02\/Plaza-de-Tangancicuaro2.webp\" width=\"1200\" height=\"675\" alt=\"\" title=\"Plaza de Tanganc\u00edcuaro2\" aria-label=\"Plaza de Tanganc\u00edcuaro2\" class=\"img-responsive wp-image-1324\" srcset=\"https:\/\/tangancicuaro.gob.mx\/wp-content\/uploads\/2025\/02\/Plaza-de-Tangancicuaro2-200x113.webp 200w, https:\/\/tangancicuaro.gob.mx\/wp-content\/uploads\/2025\/02\/Plaza-de-Tangancicuaro2-400x225.webp 400w, https:\/\/tangancicuaro.gob.mx\/wp-content\/uploads\/2025\/02\/Plaza-de-Tangancicuaro2-600x338.webp 600w, https:\/\/tangancicuaro.gob.mx\/wp-content\/uploads\/2025\/02\/Plaza-de-Tangancicuaro2-800x450.webp 800w, https:\/\/tangancicuaro.gob.mx\/wp-content\/uploads\/2025\/02\/Plaza-de-Tangancicuaro2.webp 1200w\" sizes=\"(min-width: 2200px) 100vw, (min-width: 712px) 598px, (min-width: 640px) 712px, \" \/><\/a><\/div><\/div><div style=\"padding:5px;\" class=\"fusion-grid-column fusion-gallery-column fusion-gallery-column-2 hover-type-none\"><div class=\"fusion-gallery-image\"><a href=\"https:\/\/tangancicuaro.gob.mx\/wp-content\/uploads\/2025\/02\/Plaza-de-Tangancicuaro-1.webp\" rel=\"noreferrer\" data-rel=\"iLightbox[gallery_image_1]\" class=\"fusion-lightbox\" target=\"_self\"><img decoding=\"async\" src=\"https:\/\/tangancicuaro.gob.mx\/wp-content\/uploads\/2025\/02\/Plaza-de-Tangancicuaro-1.webp\" width=\"1200\" height=\"675\" alt=\"\" title=\"Plaza de Tanganc\u00edcuaro (1)\" aria-label=\"Plaza de Tanganc\u00edcuaro (1)\" class=\"img-responsive wp-image-1323\" srcset=\"https:\/\/tangancicuaro.gob.mx\/wp-content\/uploads\/2025\/02\/Plaza-de-Tangancicuaro-1-200x113.webp 200w, https:\/\/tangancicuaro.gob.mx\/wp-content\/uploads\/2025\/02\/Plaza-de-Tangancicuaro-1-400x225.webp 400w, https:\/\/tangancicuaro.gob.mx\/wp-content\/uploads\/2025\/02\/Plaza-de-Tangancicuaro-1-600x338.webp 600w, https:\/\/tangancicuaro.gob.mx\/wp-content\/uploads\/2025\/02\/Plaza-de-Tangancicuaro-1-800x450.webp 800w, https:\/\/tangancicuaro.gob.mx\/wp-content\/uploads\/2025\/02\/Plaza-de-Tangancicuaro-1.webp 1200w\" sizes=\"(min-width: 2200px) 100vw, (min-width: 712px) 598px, (min-width: 640px) 712px, \" \/><\/a><\/div><\/div><div class=\"clearfix\"><\/div><\/div><\/div><\/div><\/div><\/div><\/div><\/p>\n","protected":false},"excerpt":{"rendered":"","protected":false},"author":1,"featured_media":0,"parent":0,"menu_order":0,"comment_status":"closed","ping_status":"closed","template":"100-width.php","meta":{"footnotes":""},"class_list":["post-1415","page","type-page","status-publish","hentry"],"_links":{"self":[{"href":"https:\/\/tangancicuaro.gob.mx\/index.php\/wp-json\/wp\/v2\/pages\/1415","targetHints":{"allow":["GET"]}}],"collection":[{"href":"https:\/\/tangancicuaro.gob.mx\/index.php\/wp-json\/wp\/v2\/pages"}],"about":[{"href":"https:\/\/tangancicuaro.gob.mx\/index.php\/wp-json\/wp\/v2\/types\/page"}],"author":[{"embeddable":true,"href":"https:\/\/tangancicuaro.gob.mx\/index.php\/wp-json\/wp\/v2\/users\/1"}],"replies":[{"embeddable":true,"href":"https:\/\/tangancicuaro.gob.mx\/index.php\/wp-json\/wp\/v2\/comments?post=1415"}],"version-history":[{"count":5,"href":"https:\/\/tangancicuaro.gob.mx\/index.php\/wp-json\/wp\/v2\/pages\/1415\/revisions"}],"predecessor-version":[{"id":1436,"href":"https:\/\/tangancicuaro.gob.mx\/index.php\/wp-json\/wp\/v2\/pages\/1415\/revisions\/1436"}],"wp:attachment":[{"href":"https:\/\/tangancicuaro.gob.mx\/index.php\/wp-json\/wp\/v2\/media?parent=1415"}],"curies":[{"name":"wp","href":"https:\/\/api.w.org\/{rel}","templated":true}]}}